{"id":71222,"date":"2023-12-06T00:33:20","date_gmt":"2023-12-06T00:33:20","guid":{"rendered":"https:\/\/www.zikooint.com\/?page_id=71222"},"modified":"2025-12-29T04:20:12","modified_gmt":"2025-12-29T04:20:12","slug":"contact-us","status":"publish","type":"page","link":"https:\/\/www.zikooint.com\/es\/contact-us","title":{"rendered":"Cont\u00e1ctanos \u2013 ZIKOO ROBOTICS"},"content":{"rendered":"<p>Secci\u00f3n de encabezado\nFila\nColumna\nTexto<\/p>\n<h1>Cont\u00e1ctanos<\/h1>\n<p>[\/et_pb_text][et_pb_text _builder_version=\"4.27.0\" _module_preset=\"e598b17a-9229-42f6-b238-019d6094332e\" header_font=\"|700|||||||\" header_text_color=\"#FFFFFF\" header_font_size=\"72px\" header_line_height=\"1.1em\" background_layout=\"dark\" custom_margin=\"||0px||false|false\" header_font_size_tablet=\"40px\" header_font_size_phone=\"24px\" header_font_size_last_edited=\"on|phone\" locked=\"off\" global_colors_info=\"{}\"]<\/p>\n<p>www.zikooint.com Cont\u00e1ctanos. Estamos aqu\u00ed para ayudarte. Nuestro equipo est\u00e1 disponible para responder cualquier consulta o inquietud que puedas tener. No dudes en comunicarte con nosotros. Valoramos tus comentarios y nos esforzamos por ofrecer el mejor servicio posible a nuestros clientes. No dudes en contactarnos para cualquier ayuda.<\/p>\n<p>[\/et_pb_text][\/et_pb_column][\/et_pb_row][\/et_pb_section][et_pb_section fb_built=\u201d1\u2033 specialty=\u201don\u201d padding_top_bottom_link_1=\u201dfalse\u201d padding_left_right_link_1=\u201dfalse\u201d padding_1_tablet=\u201d0px||||false|false\u201d padding_1_phone=\u201d0px||||false|false\u201d padding_1_last_edited=\u201doff|desktop\u201d admin_label=\u201dInformaci\u00f3n de contacto\u201d _builder_version=\u201d4.24.0\u2033 _module_preset=\u201ddefault\u201d min_height=\u201d715.1px\u201d custom_margin=\u201d||||false|false\u201d custom_padding=\u201d||||false|false\u201d global_colors_info=\u201d{}\u201d][et_pb_column type=\u201d1_2\u2033 specialty_columns=\u201d2\u2033 _builder_version=\u201d4.16\u2033 custom_padding=\u201d|||\u201d global_colors_info=\u201d{}\u201d custom_padding__hover=\u201d|||\u201d][et_pb_row_inner _builder_version=\u201d4.25.0\u2033 _module_preset=\u201ddefault\u201d global_colors_info=\u201d{}\u201d][et_pb_column_inner saved_specialty_column_type=\u201d1_2\u2033 _builder_version=\u201d4.25.0\u2033 _module_preset=\u201ddefault\u201d global_colors_info=\u201d{}\u201d][et_pb_image src=\u201dhttps:\/\/www.zikooint.com\/wp-content\/uploads\/2024\/07\/\u8054\u7cfb\u6211\u4eec.jpg\u201d title_text=\u201dcont\u00e1ctanos\u201d _builder_version=\u201d4.25.0\u2033 _module_preset=\u201ddefault\u201d global_colors_info=\u201d{}\u201d][\/et_pb_image][\/et_pb_column_inner][\/et_pb_row_inner][et_pb_row_inner column_structure=\u201d1_2,1_2\u2033 custom_padding_last_edited=\u201don|tablet\u201d _builder_version=\u201d4.24.0\u2033 _module_preset=\u201ddefault\u201d custom_padding=\u201d||||false|false\u201d custom_padding_tablet=\u201d||0px||false|false\u201d custom_padding_phone=\u201d||0px||false|false\u201d global_colors_info=\u201d{}\u201d][et_pb_column_inner type=\u201d1_2\u2033 saved_specialty_column_type=\u201d1_2\u2033 _builder_version=\u201d4.16\u2033 _module_preset=\u201ddefault\u201d global_colors_info=\u201d{}\u201d][et_pb_text _builder_version=\u201d4.16\u2033 _module_preset=\u201d0c6bc8be-1265-496d-a8dc-bc5e9a9a9edf\u201d header_font=\u201d||||||||\u201d header_3_font=\u201dOutfit|600|||||||\u201d header_3_text_color=\u201d#000000\u2033 header_3_font_size=\u201d30px\u201d header_3_line_height=\u201d1.2em\u201d custom_margin=\u201d||0px||false|false\u201d header_3_font_size_tablet=\u201d20px\u201d header_3_font_size_phone=\u201d16px\u201d header_3_font_size_last_edited=\u201don|desktop\u201d header_3_line_height_tablet=\u201d\u201d header_3_line_height_phone=\u201d1.3em\u201d header_3_line_height_last_edited=\u201don|phone\u201d locked=\u201doff\u201d global_colors_info=\u201d{}\u201d]<\/p>\n<h3>Direcci\u00f3n<\/h3>\n<p>[\/et_pb_text][et_pb_text _builder_version=\u201d4.24.0\u2033 _module_preset=\u201d7262e956-c376-4aa6-9642-c413f71527d0\u2033 link_text_color=\u201d#666666\u2033 custom_margin=\u201d||||false|false\u201d header_font_size_tablet=\u201d55px\u201d header_font_size_last_edited=\u201doff|desktop\u201d locked=\u201doff\u201d global_colors_info=\u201d{}\u201d]<\/p>\n<p>4F, Edificio 4, No. 170-1 Avenida de Software, Distrito Yuhuatai, Nanjing, China<\/p>\n<p>[\/et_pb_text][\/et_pb_column_inner][et_pb_column_inner type=\u201d1_2\u2033 saved_specialty_column_type=\u201d1_2\u2033 _builder_version=\u201d4.16\u2033 _module_preset=\u201ddefault\u201d global_colors_info=\u201d{}\u201d][et_pb_text _builder_version=\u201d4.16\u2033 _module_preset=\u201d0c6bc8be-1265-496d-a8dc-bc5e9a9a9edf\u201d header_font=\u201d||||||||\u201d header_3_font=\u201dOutfit|600|||||||\u201d header_3_text_color=\u201d#000000\u2033 header_3_font_size=\u201d30px\u201d header_3_line_height=\u201d1.2em\u201d custom_margin=\u201d||0px||false|false\u201d header_3_font_size_tablet=\u201d20px\u201d header_3_font_size_phone=\u201d16px\u201d header_3_font_size_last_edited=\u201don|desktop\u201d header_3_line_height_tablet=\u201d\u201d header_3_line_height_phone=\u201d1.3em\u201d header_3_line_height_last_edited=\u201don|phone\u201d locked=\u201doff\u201d global_colors_info=\u201d{}\u201d]<\/p>\n<h3>Tel\u00e9fono<\/h3>\n<p>[\/et_pb_text][et_pb_text _builder_version=\u201d4.27.3\u2033 _module_preset=\u201d7262e956-c376-4aa6-9642-c413f71527d0\u2033 link_text_color=\u201d#666666\u2033 custom_margin=\u201d||||false|false\u201d locked=\u201doff\u201d global_colors_info=\u201d{}\u201d]<\/p>\n<p>(+86)-19941778955<\/p>\n<p>[\/et_pb_text][\/et_pb_column_inner][\/et_pb_row_inner][et_pb_row_inner column_structure=\"1_2,1_2\" _builder_version=\"4.16\" _module_preset=\"default\" custom_margin=\"||||false|false\" global_colors_info=\"{}\"][et_pb_column_inner type=\"1_2\" saved_specialty_column_type=\"1_2\" _builder_version=\"4.16\" _module_preset=\"default\" global_colors_info=\"{}\"][et_pb_text _builder_version=\"4.16\" _module_preset=\"0c6bc8be-1265-496d-a8dc-bc5e9a9a9edf\" header_font=\"||||||||\" header_3_font=\"Outfit|600|||||||\" header_3_text_color=\"#000000\" header_3_font_size=\"30px\" header_3_line_height=\"1.2em\" custom_margin=\"||0px||false|false\" header_3_font_size_tablet=\"20px\" header_3_font_size_phone=\"16px\" header_3_font_size_last_edited=\"on|desktop\" header_3_line_height_tablet=\"\" header_3_line_height_phone=\"1.3em\" header_3_line_height_last_edited=\"on|phone\" locked=\"off\" global_colors_info=\"{}\"]<\/p>\n<h3>Correo electr\u00f3nico<\/h3>\n<p>[\/et_pb_text][et_pb_text _builder_version=\u201d4.23.4\u2033 _module_preset=\u201d7262e956-c376-4aa6-9642-c413f71527d0\u2033 link_text_color=\u201d#666666\u2033 custom_margin=\u201d||||false|false\u201d locked=\u201doff\u201d global_colors_info=\u201d{}\u201d]<\/p>\n<p><a href=\"mailto:info@zikoo-int.com\"><span>info@zikoo-int.com<\/span><\/a><\/p>\n<p>[\/et_pb_text][\/et_pb_column_inner][et_pb_column_inner type=\u201d1_2\u2033 saved_specialty_column_type=\u201d1_2\u2033 _builder_version=\u201d4.16\u2033 _module_preset=\u201ddefault\u201d global_colors_info=\u201d{}\u201d][et_pb_text _builder_version=\u201d4.16\u2033 _module_preset=\u201d0c6bc8be-1265-496d-a8dc-bc5e9a9a9edf\u201d header_font=\u201d||||||||\u201d header_3_font=\u201dOutfit|600|||||||\u201d header_3_text_color=\u201d#000000\u2033 header_3_font_size=\u201d30px\u201d header_3_line_height=\u201d1.2em\u201d custom_margin=\u201d||0px||false|false\u201d header_3_font_size_tablet=\u201d20px\u201d header_3_font_size_phone=\u201d16px\u201d header_3_font_size_last_edited=\u201don|desktop\u201d header_3_line_height_tablet=\u201d\u201d header_3_line_height_phone=\u201d1.3em\u201d header_3_line_height_last_edited=\u201don|phone\u201d locked=\u201doff\u201d global_colors_info=\u201d{}\u201d]<\/p>\n<h3>S\u00edguenos<\/h3>\n<p>[\/et_pb_text][et_pb_social_media_follow icon_color=\"#666666\" use_icon_font_size=\"on\" icon_font_size=\"21px\" _builder_version=\"4.27.3\" custom_margin=\"|||-12px|false|false\" custom_padding=\"||||false|false\" custom_padding_phone=\"30px||50px|10px|false|false\" custom_padding_last_edited=\"off|desktop\" locked=\"off\" global_colors_info=\"{}\"][et_pb_social_media_follow_network social_network=\"facebook\" url=\"https:\/\/www.facebook.com\/profile.php?id=61550892599700\" _builder_version=\"4.24.0\" global_colors_info=\"{}\" follow_button=\"off\" url_new_window=\"on\"]facebook[\/et_pb_social_media_follow_network][et_pb_social_media_follow_network social_network=\"linkedin\" url=\"https:\/\/www.linkedin.com\/company\/zikooint\/\" _builder_version=\"4.23.1\" global_colors_info=\"{}\" follow_button=\"off\" url_new_window=\"on\"]linkedin[\/et_pb_social_media_follow_network][et_pb_social_media_follow_network social_network=\"tiktok\" url=\"https:\/\/www.tiktok.com\/@zikoo_robotics?is_from_webapp=1&amp;sender_device=pc\" _builder_version=\"4.23.1\" background_color=\"RGBA(255,255,255,0)\" background_enable_color=\"on\" global_colors_info=\"{}\" follow_button=\"off\" url_new_window=\"on\"]tiktok[\/et_pb_social_media_follow_network][et_pb_social_media_follow_network social_network=\"youtube\" url=\"https:\/\/www.youtube.com\/@ZIKOOROBOTICS\" _builder_version=\"4.27.3\" _module_preset=\"default\" background_color=\"RGBA(255,255,255,0)\" background_enable_color=\"on\" global_colors_info=\"{}\" follow_button=\"off\" url_new_window=\"on\"]youtube[\/et_pb_social_media_follow_network][\/et_pb_social_media_follow][\/et_pb_column_inner][\/et_pb_row_inner][\/et_pb_column][et_pb_column type=\"1_2\" _builder_version=\"4.16\" custom_padding=\"|||\" global_colors_info=\"{}\" custom_padding__hover=\"|||\"][et_pb_code _builder_version=\"4.27.0\" _module_preset=\"default\" global_colors_info=\"{}\"]<div class='fluentform ff-default fluentform_wrapper_1 ffs_default_wrap'><form data-form_id=\"1\" id=\"fluentform_1\" class=\"frm-fluent-form fluent_form_1 ff-el-form-top ff_form_instance_1_1 ff-form-loading ffs_default\" data-form_instance=\"ff_form_instance_1_1\" method=\"POST\" action=\"\" ><fieldset  style=\"border: none!important;margin: 0!important;padding: 0!important;background-color: transparent!important;box-shadow: none!important;outline: none!important; min-inline-size: 100%;\">\n                    <legend class=\"ff_screen_reader_title\" style=\"display: block; margin: 0!important;padding: 0!important;height: 0!important;text-indent: -999999px;width: 0!important;overflow:hidden;\">Formulario de contacto<\/legend><input type='hidden' name='__fluent_form_embded_post_id' value='71222' \/><input type=\"hidden\" id=\"_fluentform_1_fluentformnonce\" name=\"_fluentform_1_fluentformnonce\" value=\"921bdc526d\" \/><input type=\"hidden\" name=\"_wp_http_referer\" value=\"\/es\/wp-json\/wp\/v2\/pages\/71222\" \/><div data-name=\"ff_cn_id_1\"  class='ff-t-container ff-column-container ff_columns_total_2'><div class='ff-t-cell ff-t-column-1' style='flex-basis: 50%;'><div data-type=\"name-element\" data-name=\"names\" class=\"ff-field_container ff-name-field-wrapper\" ><div class='ff-t-container'><div class='ff-t-cell'><div class='ff-el-group  ff-el-form-hide_label'><div class=\"ff-el-input--label ff-el-is-required asterisk-right\"><label for='ff_1_names_first_name_' id='label_ff_1_names_first_name_' >Nombre<\/label><\/div><div class='ff-el-input--content'><input type=\"text\" name=\"names[first_name]\" id=\"ff_1_names_first_name_\" class=\"ff-el-form-control\" placeholder=\"Nombre*\" aria-invalid=\"false\" aria-required=\"true\"><\/div><\/div><\/div><\/div><\/div><\/div><div class='ff-t-cell ff-t-column-2' style='flex-basis: 50%;'><div class='ff-el-group ff-el-form-hide_label'><div class=\"ff-el-input--label ff-el-is-required asterisk-right\"><label for='ff_1_email' id='label_ff_1_email' aria-label=\"Correo electr\u00f3nico\">Correo electr\u00f3nico<\/label><\/div><div class='ff-el-input--content'><input type=\"email\" name=\"email\" id=\"ff_1_email\" class=\"ff-el-form-control\" placeholder=\"Correo electr\u00f3nico*\" data-name=\"email\"  aria-invalid=\"false\" aria-required=\"true\"><\/div><\/div><\/div><\/div><div data-name=\"ff_cn_id_2\"  class='ff-t-container ff-column-container ff_columns_total_2'><div class='ff-t-cell ff-t-column-1' style='flex-basis: 50%;'><div class='ff-el-group ff-el-form-hide_label'><div class=\"ff-el-input--label ff-el-is-required asterisk-right\"><label for='ff_1_subject' id='label_ff_1_subject' aria-label=\"Empresa\">Empresa <\/label><\/div><div class='ff-el-input--content'><input type=\"text\" name=\"subject\" class=\"ff-el-form-control\" placeholder=\"Empresa *\" data-name=\"subject\" id=\"ff_1_subject\"  aria-invalid=\"false\" aria-required=\"true\"><\/div><\/div><\/div><div class='ff-t-cell ff-t-column-2' style='flex-basis: 50%;'><div class='ff-el-group ff-el-form-hide_label'><div class=\"ff-el-input--label asterisk-right\"><label for='ff_1_input_text_1' id='label_ff_1_input_text_1' aria-label=\"N\u00famero de tel\u00e9fono\">N\u00famero de tel\u00e9fono<\/label><\/div><div class='ff-el-input--content'><input type=\"text\" name=\"input_text_1\" class=\"ff-el-form-control\" placeholder=\"N\u00famero de tel\u00e9fono\" data-name=\"input_text_1\" id=\"ff_1_input_text_1\"  aria-invalid=\"false\" aria-required=\"false\"><\/div><\/div><\/div><\/div><div class='ff-el-group ff-el-form-hide_label'><div class=\"ff-el-input--label ff-el-is-required asterisk-right\"><label for='ff_1_message' id='label_ff_1_message' aria-label=\"\u00bfEn qu\u00e9 podemos ayudarte?\">\u00bfEn qu\u00e9 podemos ayudarte?<\/label><\/div><div class='ff-el-input--content'><textarea aria-required=\"true\" aria-labelledby=\"label_ff_1_message\" name=\"message\" id=\"ff_1_message\" class=\"ff-el-form-control\" placeholder=\"\u00bfEn qu\u00e9 podemos ayudarte?\" rows=\"4\" cols=\"2\" data-name=\"message\" ><\/textarea><\/div><\/div><div class='ff-el-group ff-text-left ff_submit_btn_wrapper'><button type=\"submit\" class=\"ff-btn ff-btn-submit ff-btn-md ff_btn_style\"  aria-label=\"Enviar formulario\">Enviar formulario<\/button><\/div><\/fieldset><input type=\"hidden\" name=\"trp-form-language\" value=\"es\"\/><\/form><div id='fluentform_1_errors' class='ff-errors-in-stack ff_form_instance_1_1 ff-form-loading_errors ff_form_instance_1_1_errors'><\/div><\/div>            <script type=\"text\/javascript\">\n                window.fluent_form_ff_form_instance_1_1 = {\"id\":\"1\",\"ajaxUrl\":\"https:\\\/\\\/www.zikooint.com\\\/wp-admin\\\/admin-ajax.php\",\"settings\":{\"layout\":{\"labelPlacement\":\"top\",\"helpMessagePlacement\":\"with_label\",\"errorMessagePlacement\":\"inline\",\"cssClassName\":\"\",\"asteriskPlacement\":\"asterisk-right\"},\"restrictions\":{\"denyEmptySubmission\":{\"enabled\":false}}},\"form_instance\":\"ff_form_instance_1_1\",\"form_id_selector\":\"fluentform_1\",\"rules\":{\"names[first_name]\":{\"required\":{\"value\":true,\"message\":\"This field is required\",\"global\":false,\"global_message\":\"This field is required\"}},\"names[middle_name]\":{\"required\":{\"value\":false,\"message\":\"This field is required\",\"global\":false,\"global_message\":\"This field is required\"}},\"names[last_name]\":{\"required\":{\"value\":false,\"message\":\"This field is required\",\"global\":false,\"global_message\":\"This field is required\"}},\"email\":{\"required\":{\"value\":true,\"message\":\"This field is required\",\"global\":false,\"global_message\":\"This field is required\"},\"email\":{\"value\":true,\"message\":\"This field must contain a valid email\",\"global\":false,\"global_message\":\"This field must contain a valid email\"}},\"subject\":{\"required\":{\"value\":true,\"message\":\"This field is required\",\"global\":false,\"global_message\":\"This field is required\"}},\"input_text_1\":{\"required\":{\"value\":false,\"message\":\"Este campo es obligatorio\",\"global_message\":\"This field is required\",\"global\":true}},\"message\":{\"required\":{\"value\":true,\"message\":\"This field is required\",\"global\":false,\"global_message\":\"This field is required\"}}},\"debounce_time\":300};\n                            <\/script>\n            [\/et_pb_code][\/et_pb_column][\/et_pb_section][et_pb_section fb_built=\u201d1\u2033 admin_label=\u201dMapa\u201d _builder_version=\u201d4.27.4\u2033 _module_preset=\u201ddefault\u201d background_enable_color=\u201doff\u201d custom_padding=\u201d0px||0px|||\u201d hover_enabled=\u201d0\u2033 locked=\u201doff\u201d global_colors_info=\u201d{}\u201d width=\u201d50%\u201d max_width=\u201d50%\u201d module_alignment=\u201dcenter\u201d sticky_enabled=\u201d0\u2033][et_pb_row _builder_version=\u201d4.24.0\u2033 _module_preset=\u201ddefault\u201d width=\u201d100%\u201d max_width=\u201d2560px\u201d custom_padding=\u201d0px||0px|||\u201d global_colors_info=\u201d{}\u201d][et_pb_column type=\u201d4_4\u2033 _builder_version=\u201d4.16\u2033 _module_preset=\u201ddefault\u201d global_colors_info=\u201d{}\u201d][dsm_embed_google_map address=\u201dNo.1-1,Longzang Avenue, Nanjing, China\u201d _builder_version=\u201d4.24.2\u2033 _module_preset=\u201ddefault\u201d global_colors_info=\u201d{}\u201d][\/dsm_embed_google_map][\/et_pb_column][\/et_pb_row][\/et_pb_section]<\/p>","protected":false},"excerpt":{"rendered":"<p>Contact Uswww.zikooint.com Contact Us. We are here to assist you. Our team is readily available to answer any queries or concerns you may have. Feel free to reach out to us. We value your feedback and strive to provide the best possible service to our customers. Don&#8217;t hesitate to contact us for any assistance.Address4F, Building 4, No. 170-1 Software Avenue, Yuhuatai District, Nanjing, ChinaPhone(+86)-19941778955Emailinfo@zikoo-int.comFollow Us<div class='fluentform ff-default fluentform_wrapper_1 ffs_default_wrap'><form data-form_id=\"1\" id=\"fluentform_1\" class=\"frm-fluent-form fluent_form_1 ff-el-form-top ff_form_instance_1_2 ff-form-loading ffs_default\" data-form_instance=\"ff_form_instance_1_2\" method=\"POST\" action=\"\" ><fieldset  style=\"border: none!important;margin: 0!important;padding: 0!important;background-color: transparent!important;box-shadow: none!important;outline: none!important; min-inline-size: 100%;\">\n                    <legend class=\"ff_screen_reader_title\" style=\"display: block; margin: 0!important;padding: 0!important;height: 0!important;text-indent: -999999px;width: 0!important;overflow:hidden;\">Formulario de contacto<\/legend><input type='hidden' name='__fluent_form_embded_post_id' value='71222' \/><input type=\"hidden\" id=\"_fluentform_1_fluentformnonce\" name=\"_fluentform_1_fluentformnonce\" value=\"921bdc526d\" \/><input type=\"hidden\" name=\"_wp_http_referer\" value=\"\/es\/wp-json\/wp\/v2\/pages\/71222\" \/><div data-name=\"ff_cn_id_1\"  class='ff-t-container ff-column-container ff_columns_total_2'><div class='ff-t-cell ff-t-column-1' style='flex-basis: 50%;'><div data-type=\"name-element\" data-name=\"names\" class=\"ff-field_container ff-name-field-wrapper\" ><div class='ff-t-container'><div class='ff-t-cell'><div class='ff-el-group  ff-el-form-hide_label'><div class=\"ff-el-input--label ff-el-is-required asterisk-right\"><label for='ff_1_2_names_first_name_' id='label_ff_1_2_names_first_name_' >Nombre<\/label><\/div><div class='ff-el-input--content'><input type=\"text\" name=\"names[first_name]\" id=\"ff_1_2_names_first_name_\" class=\"ff-el-form-control\" placeholder=\"Nombre*\" aria-invalid=\"false\" aria-required=\"true\"><\/div><\/div><\/div><\/div><\/div><\/div><div class='ff-t-cell ff-t-column-2' style='flex-basis: 50%;'><div class='ff-el-group ff-el-form-hide_label'><div class=\"ff-el-input--label ff-el-is-required asterisk-right\"><label for='ff_1_2_email' id='label_ff_1_2_email' aria-label=\"Correo electr\u00f3nico\">Correo electr\u00f3nico<\/label><\/div><div class='ff-el-input--content'><input type=\"email\" name=\"email\" id=\"ff_1_2_email\" class=\"ff-el-form-control\" placeholder=\"Correo electr\u00f3nico*\" data-name=\"email\"  aria-invalid=\"false\" aria-required=\"true\"><\/div><\/div><\/div><\/div><div data-name=\"ff_cn_id_2\"  class='ff-t-container ff-column-container ff_columns_total_2'><div class='ff-t-cell ff-t-column-1' style='flex-basis: 50%;'><div class='ff-el-group ff-el-form-hide_label'><div class=\"ff-el-input--label ff-el-is-required asterisk-right\"><label for='ff_1_2_subject' id='label_ff_1_2_subject' aria-label=\"Empresa\">Empresa <\/label><\/div><div class='ff-el-input--content'><input type=\"text\" name=\"subject\" class=\"ff-el-form-control\" placeholder=\"Empresa *\" data-name=\"subject\" id=\"ff_1_2_subject\"  aria-invalid=\"false\" aria-required=\"true\"><\/div><\/div><\/div><div class='ff-t-cell ff-t-column-2' style='flex-basis: 50%;'><div class='ff-el-group ff-el-form-hide_label'><div class=\"ff-el-input--label asterisk-right\"><label for='ff_1_2_input_text_1' id='label_ff_1_2_input_text_1' aria-label=\"N\u00famero de tel\u00e9fono\">N\u00famero de tel\u00e9fono<\/label><\/div><div class='ff-el-input--content'><input type=\"text\" name=\"input_text_1\" class=\"ff-el-form-control\" placeholder=\"N\u00famero de tel\u00e9fono\" data-name=\"input_text_1\" id=\"ff_1_2_input_text_1\"  aria-invalid=\"false\" aria-required=\"false\"><\/div><\/div><\/div><\/div><div class='ff-el-group ff-el-form-hide_label'><div class=\"ff-el-input--label ff-el-is-required asterisk-right\"><label for='ff_1_2_message' id='label_ff_1_2_message' aria-label=\"\u00bfEn qu\u00e9 podemos ayudarte?\">\u00bfEn qu\u00e9 podemos ayudarte?<\/label><\/div><div class='ff-el-input--content'><textarea aria-required=\"true\" aria-labelledby=\"label_ff_1_2_message\" name=\"message\" id=\"ff_1_2_message\" class=\"ff-el-form-control\" placeholder=\"\u00bfEn qu\u00e9 podemos ayudarte?\" rows=\"4\" cols=\"2\" data-name=\"message\" ><\/textarea><\/div><\/div><div class='ff-el-group ff-text-left ff_submit_btn_wrapper'><button type=\"submit\" class=\"ff-btn ff-btn-submit ff-btn-md ff_btn_style\"  aria-label=\"Enviar formulario\">Enviar formulario<\/button><\/div><\/fieldset><input type=\"hidden\" name=\"trp-form-language\" value=\"es\"\/><\/form><div id='fluentform_1_errors' class='ff-errors-in-stack ff_form_instance_1_2 ff-form-loading_errors ff_form_instance_1_2_errors'><\/div><\/div>            <script type=\"text\/javascript\">\n                window.fluent_form_ff_form_instance_1_2 = {\"id\":\"1\",\"ajaxUrl\":\"https:\\\/\\\/www.zikooint.com\\\/wp-admin\\\/admin-ajax.php\",\"settings\":{\"layout\":{\"labelPlacement\":\"top\",\"helpMessagePlacement\":\"with_label\",\"errorMessagePlacement\":\"inline\",\"cssClassName\":\"\",\"asteriskPlacement\":\"asterisk-right\"},\"restrictions\":{\"denyEmptySubmission\":{\"enabled\":false}}},\"form_instance\":\"ff_form_instance_1_2\",\"form_id_selector\":\"fluentform_1\",\"rules\":{\"names[first_name]\":{\"required\":{\"value\":true,\"message\":\"This field is required\",\"global\":false,\"global_message\":\"This field is required\"}},\"names[middle_name]\":{\"required\":{\"value\":false,\"message\":\"This field is required\",\"global\":false,\"global_message\":\"This field is required\"}},\"names[last_name]\":{\"required\":{\"value\":false,\"message\":\"This field is required\",\"global\":false,\"global_message\":\"This field is required\"}},\"email\":{\"required\":{\"value\":true,\"message\":\"This field is required\",\"global\":false,\"global_message\":\"This field is required\"},\"email\":{\"value\":true,\"message\":\"This field must contain a valid email\",\"global\":false,\"global_message\":\"This field must contain a valid email\"}},\"subject\":{\"required\":{\"value\":true,\"message\":\"This field is required\",\"global\":false,\"global_message\":\"This field is required\"}},\"input_text_1\":{\"required\":{\"value\":false,\"message\":\"Este campo es obligatorio\",\"global_message\":\"This field is required\",\"global\":true}},\"message\":{\"required\":{\"value\":true,\"message\":\"This field is required\",\"global\":false,\"global_message\":\"This field is required\"}}},\"debounce_time\":300};\n                            <\/script>\n            <div class=\"et_pb_module dsm_embed_google_map dsm_embed_google_map_0\">\n\t\t\t\t\n\t\t\t\t\n\t\t\t\t\n\t\t\t\t\n\t\t\t\t\n\t\t\t\t\n\t\t\t\t<div class=\"et_pb_module_inner\">\n\t\t\t\t\t<iframe loading=\"lazy\" frameborder=\"0\" scrolling=\"no\" marginheight=\"0\" marginwidth=\"0\" referrerpolicy=\"no-referrer-when-downgrade\" src=\"https:\/\/maps.google.com\/maps?q=No.1-1%2CLongzang%20Avenue%2CNanjing%2CChina&amp;t=m&amp;z=10&amp;output=embed&amp;iwloc=near&hl=es_ES\" aria-label=\"No.1-1, Avenida Longzang, Nanjing, China\"><\/iframe>\n\t\t\t\t<\/div>\n\t\t\t<\/div><\/p>","protected":false},"author":3,"featured_media":0,"parent":0,"menu_order":0,"comment_status":"closed","ping_status":"closed","template":"","meta":{"_seopress_robots_primary_cat":"","_seopress_titles_title":"Contact Us - ZIKOO ROBOTICS","_seopress_titles_desc":"If you have any inquiries about smart storage solutions, 4-way shuttle systems or smart storage software, or would like to learn more about partnership opportunities, our dedicated team is ready to support you. Whether it&#039;s product information, technical support, or customization needs, you can find our contact information on this page. Wisdom Intelligence looks forward to working with you to promote the innovation and development of intelligent warehousing and logistics.","_seopress_robots_index":"","_et_pb_use_builder":"on","_et_pb_old_content":"<!-- wp:divi\/placeholder \/-->","_et_gb_content_width":"","content-type":"","footnotes":""},"class_list":["post-71222","page","type-page","status-publish","hentry"],"amp_enabled":true,"_links":{"self":[{"href":"https:\/\/www.zikooint.com\/es\/wp-json\/wp\/v2\/pages\/71222","targetHints":{"allow":["GET"]}}],"collection":[{"href":"https:\/\/www.zikooint.com\/es\/wp-json\/wp\/v2\/pages"}],"about":[{"href":"https:\/\/www.zikooint.com\/es\/wp-json\/wp\/v2\/types\/page"}],"author":[{"embeddable":true,"href":"https:\/\/www.zikooint.com\/es\/wp-json\/wp\/v2\/users\/3"}],"replies":[{"embeddable":true,"href":"https:\/\/www.zikooint.com\/es\/wp-json\/wp\/v2\/comments?post=71222"}],"version-history":[{"count":45,"href":"https:\/\/www.zikooint.com\/es\/wp-json\/wp\/v2\/pages\/71222\/revisions"}],"predecessor-version":[{"id":987515156,"href":"https:\/\/www.zikooint.com\/es\/wp-json\/wp\/v2\/pages\/71222\/revisions\/987515156"}],"wp:attachment":[{"href":"https:\/\/www.zikooint.com\/es\/wp-json\/wp\/v2\/media?parent=71222"}],"curies":[{"name":"wp","href":"https:\/\/api.w.org\/{rel}","templated":true}]}}